{"id":302,"date":"2021-05-25T19:11:15","date_gmt":"2021-05-25T17:11:15","guid":{"rendered":"https:\/\/pragafilm.cz\/?page_id=302"},"modified":"2021-05-26T10:33:10","modified_gmt":"2021-05-26T08:33:10","slug":"professional-formats","status":"publish","type":"page","link":"https:\/\/pragafilm.cz\/en\/professional-formats\/","title":{"rendered":"PROFESSIONAL FORMATS"},"content":{"rendered":"<ul>\n<li>Film types:\u00a0\u00a0Negative, Intermediate, Interpositive, Print, Color and B&amp;W<\/li>\n<li>Output data formats: \u00a0ProRes 4444, 422 HQ, DPX, TIFF (10\/16-bit) and others<\/li>\n<li>Soundtrack reading: \u00a0Optical Reader for 16mm and 35mm; magnetic reader for 16mm<\/li>\n<li>Key code reader<\/li>\n<li>EDL reader<\/li>\n<li>Capacity of the reels:\u00a0 up to 600m\/35mm<\/li>\n<li>Grading:\u00a0\u00a0Davinci Resolve<\/li>\n<\/ul>\n","protected":false},"excerpt":{"rendered":"<p>Film types:\u00a0\u00a0Negative, Intermediate, Interpositive, Print, Color and B&amp;W Output data formats: \u00a0ProRes 4444, 422 HQ, DPX, TIFF (10\/16-bit) and others Soundtrack reading: \u00a0Optical Reader for 16mm and 35mm; magnetic reader for 16mm Key code reader EDL reader Capacity of the &hellip; <a href=\"https:\/\/pragafilm.cz\/en\/professional-formats\/\">Continue reading <span class=\"meta-nav\">&rarr;<\/span><\/a><\/p>\n","protected":false},"author":2,"featured_media":102,"parent":0,"menu_order":3,"comment_status":"closed","ping_status":"closed","template":"","meta":{"footnotes":""},"class_list":["post-302","page","type-page","status-publish","has-post-thumbnail","hentry"],"yoast_head":"<!-- This site is optimized with the Yoast SEO plugin v19.1 - https:\/\/yoast.com\/wordpress\/plugins\/seo\/ -->\n<title>PROFESSIONAL FORMATS - Pragafilm<\/title>\n<meta name=\"robots\" content=\"index, follow, max-snippet:-1, max-image-preview:large, max-video-preview:-1\" \/>\n<link rel=\"canonical\" href=\"https:\/\/pragafilm.cz\/en\/professional-formats\/\" \/>\n<meta property=\"og:locale\" content=\"en_US\" \/>\n<meta property=\"og:type\" content=\"article\" \/>\n<meta property=\"og:title\" content=\"PROFESSIONAL FORMATS - Pragafilm\" \/>\n<meta property=\"og:description\" content=\"Film types:\u00a0\u00a0Negative, Intermediate, Interpositive, Print, Color and B&amp;W Output data formats: \u00a0ProRes 4444, 422 HQ, DPX, TIFF (10\/16-bit) and others Soundtrack reading: \u00a0Optical Reader for 16mm and 35mm; magnetic reader for 16mm Key code reader EDL reader Capacity of the &hellip; Continue reading &rarr;\" \/>\n<meta property=\"og:url\" content=\"https:\/\/pragafilm.cz\/en\/professional-formats\/\" \/>\n<meta property=\"og:site_name\" content=\"Pragafilm\" \/>\n<meta property=\"article:modified_time\" content=\"2021-05-26T08:33:10+00:00\" \/>\n<meta name=\"twitter:card\" content=\"summary_large_image\" \/>\n<meta name=\"twitter:image\" content=\"https:\/\/pragafilm.cz\/wp-content\/uploads\/2021\/04\/403A8486-1.jpg\" \/>\n<script type=\"application\/ld+json\" class=\"yoast-schema-graph\">{\"@context\":\"https:\/\/schema.org\",\"@graph\":[{\"@type\":\"WebSite\",\"@id\":\"https:\/\/pragafilm.cz\/#website\",\"url\":\"https:\/\/pragafilm.cz\/\",\"name\":\"Pragafilm\",\"description\":\"Filmov\u00fd  scaner pro maxim\u00e1ln\u00ed kvalitu obrazu\",\"potentialAction\":[{\"@type\":\"SearchAction\",\"target\":{\"@type\":\"EntryPoint\",\"urlTemplate\":\"https:\/\/pragafilm.cz\/?s={search_term_string}\"},\"query-input\":\"required name=search_term_string\"}],\"inLanguage\":\"en-US\"},{\"@type\":\"ImageObject\",\"inLanguage\":\"en-US\",\"@id\":\"https:\/\/pragafilm.cz\/en\/professional-formats\/#primaryimage\",\"url\":\"https:\/\/pragafilm.cz\/wp-content\/uploads\/2021\/04\/403A8486-1.jpg\",\"contentUrl\":\"https:\/\/pragafilm.cz\/wp-content\/uploads\/2021\/04\/403A8486-1.jpg\"},{\"@type\":\"WebPage\",\"@id\":\"https:\/\/pragafilm.cz\/en\/professional-formats\/#webpage\",\"url\":\"https:\/\/pragafilm.cz\/en\/professional-formats\/\",\"name\":\"PROFESSIONAL FORMATS - Pragafilm\",\"isPartOf\":{\"@id\":\"https:\/\/pragafilm.cz\/#website\"},\"primaryImageOfPage\":{\"@id\":\"https:\/\/pragafilm.cz\/en\/professional-formats\/#primaryimage\"},\"datePublished\":\"2021-05-25T17:11:15+00:00\",\"dateModified\":\"2021-05-26T08:33:10+00:00\",\"breadcrumb\":{\"@id\":\"https:\/\/pragafilm.cz\/en\/professional-formats\/#breadcrumb\"},\"inLanguage\":\"en-US\",\"potentialAction\":[{\"@type\":\"ReadAction\",\"target\":[\"https:\/\/pragafilm.cz\/en\/professional-formats\/\"]}]},{\"@type\":\"BreadcrumbList\",\"@id\":\"https:\/\/pragafilm.cz\/en\/professional-formats\/#breadcrumb\",\"itemListElement\":[{\"@type\":\"ListItem\",\"position\":1,\"name\":\"Dom\u016f\",\"item\":\"https:\/\/pragafilm.cz\/en\/\"},{\"@type\":\"ListItem\",\"position\":2,\"name\":\"PROFESSIONAL FORMATS\"}]}]}<\/script>\n<!-- \/ Yoast SEO plugin. -->","yoast_head_json":{"title":"PROFESSIONAL FORMATS - Pragafilm","robots":{"index":"index","follow":"follow","max-snippet":"max-snippet:-1","max-image-preview":"max-image-preview:large","max-video-preview":"max-video-preview:-1"},"canonical":"https:\/\/pragafilm.cz\/en\/professional-formats\/","og_locale":"en_US","og_type":"article","og_title":"PROFESSIONAL FORMATS - Pragafilm","og_description":"Film types:\u00a0\u00a0Negative, Intermediate, Interpositive, Print, Color and B&amp;W Output data formats: \u00a0ProRes 4444, 422 HQ, DPX, TIFF (10\/16-bit) and others Soundtrack reading: \u00a0Optical Reader for 16mm and 35mm; magnetic reader for 16mm Key code reader EDL reader Capacity of the &hellip; Continue reading &rarr;","og_url":"https:\/\/pragafilm.cz\/en\/professional-formats\/","og_site_name":"Pragafilm","article_modified_time":"2021-05-26T08:33:10+00:00","twitter_card":"summary_large_image","twitter_image":"https:\/\/pragafilm.cz\/wp-content\/uploads\/2021\/04\/403A8486-1.jpg","schema":{"@context":"https:\/\/schema.org","@graph":[{"@type":"WebSite","@id":"https:\/\/pragafilm.cz\/#website","url":"https:\/\/pragafilm.cz\/","name":"Pragafilm","description":"Filmov\u00fd  scaner pro maxim\u00e1ln\u00ed kvalitu obrazu","potentialAction":[{"@type":"SearchAction","target":{"@type":"EntryPoint","urlTemplate":"https:\/\/pragafilm.cz\/?s={search_term_string}"},"query-input":"required name=search_term_string"}],"inLanguage":"en-US"},{"@type":"ImageObject","inLanguage":"en-US","@id":"https:\/\/pragafilm.cz\/en\/professional-formats\/#primaryimage","url":"https:\/\/pragafilm.cz\/wp-content\/uploads\/2021\/04\/403A8486-1.jpg","contentUrl":"https:\/\/pragafilm.cz\/wp-content\/uploads\/2021\/04\/403A8486-1.jpg"},{"@type":"WebPage","@id":"https:\/\/pragafilm.cz\/en\/professional-formats\/#webpage","url":"https:\/\/pragafilm.cz\/en\/professional-formats\/","name":"PROFESSIONAL FORMATS - Pragafilm","isPartOf":{"@id":"https:\/\/pragafilm.cz\/#website"},"primaryImageOfPage":{"@id":"https:\/\/pragafilm.cz\/en\/professional-formats\/#primaryimage"},"datePublished":"2021-05-25T17:11:15+00:00","dateModified":"2021-05-26T08:33:10+00:00","breadcrumb":{"@id":"https:\/\/pragafilm.cz\/en\/professional-formats\/#breadcrumb"},"inLanguage":"en-US","potentialAction":[{"@type":"ReadAction","target":["https:\/\/pragafilm.cz\/en\/professional-formats\/"]}]},{"@type":"BreadcrumbList","@id":"https:\/\/pragafilm.cz\/en\/professional-formats\/#breadcrumb","itemListElement":[{"@type":"ListItem","position":1,"name":"Dom\u016f","item":"https:\/\/pragafilm.cz\/en\/"},{"@type":"ListItem","position":2,"name":"PROFESSIONAL FORMATS"}]}]}},"_links":{"self":[{"href":"https:\/\/pragafilm.cz\/en\/wp-json\/wp\/v2\/pages\/302","targetHints":{"allow":["GET"]}}],"collection":[{"href":"https:\/\/pragafilm.cz\/en\/wp-json\/wp\/v2\/pages"}],"about":[{"href":"https:\/\/pragafilm.cz\/en\/wp-json\/wp\/v2\/types\/page"}],"author":[{"embeddable":true,"href":"https:\/\/pragafilm.cz\/en\/wp-json\/wp\/v2\/users\/2"}],"replies":[{"embeddable":true,"href":"https:\/\/pragafilm.cz\/en\/wp-json\/wp\/v2\/comments?post=302"}],"version-history":[{"count":3,"href":"https:\/\/pragafilm.cz\/en\/wp-json\/wp\/v2\/pages\/302\/revisions"}],"predecessor-version":[{"id":333,"href":"https:\/\/pragafilm.cz\/en\/wp-json\/wp\/v2\/pages\/302\/revisions\/333"}],"wp:featuredmedia":[{"embeddable":true,"href":"https:\/\/pragafilm.cz\/en\/wp-json\/wp\/v2\/media\/102"}],"wp:attachment":[{"href":"https:\/\/pragafilm.cz\/en\/wp-json\/wp\/v2\/media?parent=302"}],"curies":[{"name":"wp","href":"https:\/\/api.w.org\/{rel}","templated":true}]}}