{"id":304,"date":"2021-05-25T19:13:58","date_gmt":"2021-05-25T17:13:58","guid":{"rendered":"https:\/\/pragafilm.cz\/?page_id=304"},"modified":"2021-05-25T19:13:58","modified_gmt":"2021-05-25T17:13:58","slug":"auxiliary-information","status":"publish","type":"page","link":"https:\/\/pragafilm.cz\/en\/auxiliary-information\/","title":{"rendered":"AUXILIARY INFORMATION"},"content":{"rendered":"<h3>DATA DEMANDS<\/h3>\n<p>according to data rate and resolution<\/p>\n<table>\n<thead>\n<tr>\n<td><b>Resolution<\/b><\/td>\n<td><b>Format<\/b><\/td>\n<td><b>Data Rate<\/b><\/td>\n<td><b>Data Demands<\/b><\/td>\n<\/tr>\n<\/thead>\n<tbody>\n<tr>\n<td style=\"border-bottom: 4px solid #f2f2f2\"><b>HD<\/b><br \/>\n1920 x 1080<\/td>\n<td style=\"border-bottom: 4px solid #f2f2f2\">H.264<\/td>\n<td style=\"border-bottom: 4px solid #f2f2f2\">18 MB\/s<\/td>\n<td style=\"border-bottom: 4px solid #f2f2f2\">130 MB<\/td>\n<\/tr>\n<tr>\n<td style=\"border-bottom: 4px solid #f2f2f2\" rowspan=\"4\"><b>HD<\/b><br \/>\n1920 x 1080<\/td>\n<td>Prores 422HQ.mov<\/td>\n<td>185 MB\/s<\/td>\n<td>1,3 GB<\/td>\n<\/tr>\n<tr>\n<td>ProRes 4444.mov<\/td>\n<td>277 MB\/s<\/td>\n<td>2 GB<\/td>\n<\/tr>\n<tr>\n<td>ProRes 4444XQ.mov<\/td>\n<td>413 MB\/s<\/td>\n<td>2,9 GB<\/td>\n<\/tr>\n<tr>\n<td style=\"border-bottom: 4px solid #f2f2f2\">DPX<\/td>\n<td style=\"border-bottom: 4px solid #f2f2f2\"><\/td>\n<td style=\"border-bottom: 4px solid #f2f2f2\">12,5 GB<\/td>\n<\/tr>\n<tr>\n<td style=\"border-bottom: 4px solid #f2f2f2\" rowspan=\"4\"><b>2K<\/b><br \/>\n2048 x 1556<\/td>\n<td>Prores 422HQ.mov<\/td>\n<td>285 MB\/s<\/td>\n<td>2 GB<\/td>\n<\/tr>\n<tr>\n<td>ProRes 4444.mov<\/td>\n<td>426 MB\/s<\/td>\n<td>3 GB<\/td>\n<\/tr>\n<tr>\n<td>ProRes 4444XQ.mov<\/td>\n<td>638 MB\/s<\/td>\n<td>4,5 GB<\/td>\n<\/tr>\n<tr>\n<td style=\"border-bottom: 4px solid #f2f2f2\">DPX<\/td>\n<td style=\"border-bottom: 4px solid #f2f2f2\"><\/td>\n<td style=\"border-bottom: 4px solid #f2f2f2\">19,2 GB<\/td>\n<\/tr>\n<tr>\n<td style=\"border-bottom: 4px solid #f2f2f2\" rowspan=\"4\"><b>4K<\/b><br \/>\n4096 \u00d7 2160<\/td>\n<td>Prores 422HQ.mov<\/td>\n<td>682 MB\/s<\/td>\n<td>4,8 GB<\/td>\n<\/tr>\n<tr>\n<td>ProRes 4444.mov<\/td>\n<td>993 MB\/s<\/td>\n<td>7 GB<\/td>\n<\/tr>\n<tr>\n<td>ProRes 4444XQ.mov<\/td>\n<td>1317 MB\/s<\/td>\n<td>9,2 GB<\/td>\n<\/tr>\n<tr>\n<td style=\"border-bottom: 4px solid #f2f2f2\">DPX<\/td>\n<td style=\"border-bottom: 4px solid #f2f2f2\"><\/td>\n<td style=\"border-bottom: 4px solid #f2f2f2\">53 GB<\/td>\n<\/tr>\n<tr>\n<td style=\"border-bottom: 4px solid #f2f2f2\" rowspan=\"4\"><b>5,5K<\/b><br \/>\n5605 x 4018<\/td>\n<td>Prores 422HQ.mov<\/td>\n<td>1800 MB\/s<\/td>\n<td>13,5 GB<\/td>\n<\/tr>\n<tr>\n<td>ProRes 4444.mov<\/td>\n<td>2550 MB\/s<\/td>\n<td>19 GB<\/td>\n<\/tr>\n<tr>\n<td>ProRes 4444XQ.mov<\/td>\n<td>3400 MB\/s<\/td>\n<td>24 GB<\/td>\n<\/tr>\n<tr>\n<td style=\"border-bottom: 4px solid #f2f2f2\">DPX<\/td>\n<td style=\"border-bottom: 4px solid #f2f2f2\"><\/td>\n<td style=\"border-bottom: 4px solid #f2f2f2\">135 GB<\/td>\n<\/tr>\n<\/tbody>\n<\/table>\n","protected":false},"excerpt":{"rendered":"<p>DATA DEMANDS according to data rate and resolution Resolution Format Data Rate Data Demands HD 1920 x 1080 H.264 18 MB\/s 130 MB HD 1920 x 1080 Prores 422HQ.mov 185 MB\/s 1,3 GB ProRes 4444.mov 277 MB\/s 2 GB ProRes &hellip; <a href=\"https:\/\/pragafilm.cz\/en\/auxiliary-information\/\">Continue reading <span class=\"meta-nav\">&rarr;<\/span><\/a><\/p>\n","protected":false},"author":2,"featured_media":68,"parent":0,"menu_order":4,"comment_status":"closed","ping_status":"closed","template":"","meta":{"footnotes":""},"class_list":["post-304","page","type-page","status-publish","has-post-thumbnail","hentry"],"yoast_head":"<!-- This site is optimized with the Yoast SEO plugin v19.1 - https:\/\/yoast.com\/wordpress\/plugins\/seo\/ -->\n<title>AUXILIARY INFORMATION - Pragafilm<\/title>\n<meta name=\"robots\" content=\"index, follow, max-snippet:-1, max-image-preview:large, max-video-preview:-1\" \/>\n<link rel=\"canonical\" href=\"https:\/\/pragafilm.cz\/en\/auxiliary-information\/\" \/>\n<meta property=\"og:locale\" content=\"en_US\" \/>\n<meta property=\"og:type\" content=\"article\" \/>\n<meta property=\"og:title\" content=\"AUXILIARY INFORMATION - Pragafilm\" \/>\n<meta property=\"og:description\" content=\"DATA DEMANDS according to data rate and resolution Resolution Format Data Rate Data Demands HD 1920 x 1080 H.264 18 MB\/s 130 MB HD 1920 x 1080 Prores 422HQ.mov 185 MB\/s 1,3 GB ProRes 4444.mov 277 MB\/s 2 GB ProRes &hellip; Continue reading &rarr;\" \/>\n<meta property=\"og:url\" content=\"https:\/\/pragafilm.cz\/en\/auxiliary-information\/\" \/>\n<meta property=\"og:site_name\" content=\"Pragafilm\" \/>\n<meta property=\"og:image\" content=\"https:\/\/pragafilm.cz\/wp-content\/uploads\/2021\/04\/403A8523..jpg\" \/>\n\t<meta property=\"og:image:width\" content=\"1920\" \/>\n\t<meta property=\"og:image:height\" content=\"1080\" \/>\n\t<meta property=\"og:image:type\" content=\"image\/jpeg\" \/>\n<meta name=\"twitter:card\" content=\"summary_large_image\" \/>\n<meta name=\"twitter:label1\" content=\"Est. reading time\" \/>\n\t<meta name=\"twitter:data1\" content=\"1 minute\" \/>\n<script type=\"application\/ld+json\" class=\"yoast-schema-graph\">{\"@context\":\"https:\/\/schema.org\",\"@graph\":[{\"@type\":\"WebSite\",\"@id\":\"https:\/\/pragafilm.cz\/#website\",\"url\":\"https:\/\/pragafilm.cz\/\",\"name\":\"Pragafilm\",\"description\":\"Filmov\u00fd  scaner pro maxim\u00e1ln\u00ed kvalitu obrazu\",\"potentialAction\":[{\"@type\":\"SearchAction\",\"target\":{\"@type\":\"EntryPoint\",\"urlTemplate\":\"https:\/\/pragafilm.cz\/?s={search_term_string}\"},\"query-input\":\"required name=search_term_string\"}],\"inLanguage\":\"en-US\"},{\"@type\":\"ImageObject\",\"inLanguage\":\"en-US\",\"@id\":\"https:\/\/pragafilm.cz\/en\/auxiliary-information\/#primaryimage\",\"url\":\"https:\/\/pragafilm.cz\/wp-content\/uploads\/2021\/04\/403A8523..jpg\",\"contentUrl\":\"https:\/\/pragafilm.cz\/wp-content\/uploads\/2021\/04\/403A8523..jpg\",\"width\":1920,\"height\":1080},{\"@type\":\"WebPage\",\"@id\":\"https:\/\/pragafilm.cz\/en\/auxiliary-information\/#webpage\",\"url\":\"https:\/\/pragafilm.cz\/en\/auxiliary-information\/\",\"name\":\"AUXILIARY INFORMATION - Pragafilm\",\"isPartOf\":{\"@id\":\"https:\/\/pragafilm.cz\/#website\"},\"primaryImageOfPage\":{\"@id\":\"https:\/\/pragafilm.cz\/en\/auxiliary-information\/#primaryimage\"},\"datePublished\":\"2021-05-25T17:13:58+00:00\",\"dateModified\":\"2021-05-25T17:13:58+00:00\",\"breadcrumb\":{\"@id\":\"https:\/\/pragafilm.cz\/en\/auxiliary-information\/#breadcrumb\"},\"inLanguage\":\"en-US\",\"potentialAction\":[{\"@type\":\"ReadAction\",\"target\":[\"https:\/\/pragafilm.cz\/en\/auxiliary-information\/\"]}]},{\"@type\":\"BreadcrumbList\",\"@id\":\"https:\/\/pragafilm.cz\/en\/auxiliary-information\/#breadcrumb\",\"itemListElement\":[{\"@type\":\"ListItem\",\"position\":1,\"name\":\"Dom\u016f\",\"item\":\"https:\/\/pragafilm.cz\/en\/\"},{\"@type\":\"ListItem\",\"position\":2,\"name\":\"AUXILIARY INFORMATION\"}]}]}<\/script>\n<!-- \/ Yoast SEO plugin. -->","yoast_head_json":{"title":"AUXILIARY INFORMATION - Pragafilm","robots":{"index":"index","follow":"follow","max-snippet":"max-snippet:-1","max-image-preview":"max-image-preview:large","max-video-preview":"max-video-preview:-1"},"canonical":"https:\/\/pragafilm.cz\/en\/auxiliary-information\/","og_locale":"en_US","og_type":"article","og_title":"AUXILIARY INFORMATION - Pragafilm","og_description":"DATA DEMANDS according to data rate and resolution Resolution Format Data Rate Data Demands HD 1920 x 1080 H.264 18 MB\/s 130 MB HD 1920 x 1080 Prores 422HQ.mov 185 MB\/s 1,3 GB ProRes 4444.mov 277 MB\/s 2 GB ProRes &hellip; Continue reading &rarr;","og_url":"https:\/\/pragafilm.cz\/en\/auxiliary-information\/","og_site_name":"Pragafilm","og_image":[{"width":1920,"height":1080,"url":"https:\/\/pragafilm.cz\/wp-content\/uploads\/2021\/04\/403A8523..jpg","type":"image\/jpeg"}],"twitter_card":"summary_large_image","twitter_misc":{"Est. reading time":"1 minute"},"schema":{"@context":"https:\/\/schema.org","@graph":[{"@type":"WebSite","@id":"https:\/\/pragafilm.cz\/#website","url":"https:\/\/pragafilm.cz\/","name":"Pragafilm","description":"Filmov\u00fd  scaner pro maxim\u00e1ln\u00ed kvalitu obrazu","potentialAction":[{"@type":"SearchAction","target":{"@type":"EntryPoint","urlTemplate":"https:\/\/pragafilm.cz\/?s={search_term_string}"},"query-input":"required name=search_term_string"}],"inLanguage":"en-US"},{"@type":"ImageObject","inLanguage":"en-US","@id":"https:\/\/pragafilm.cz\/en\/auxiliary-information\/#primaryimage","url":"https:\/\/pragafilm.cz\/wp-content\/uploads\/2021\/04\/403A8523..jpg","contentUrl":"https:\/\/pragafilm.cz\/wp-content\/uploads\/2021\/04\/403A8523..jpg","width":1920,"height":1080},{"@type":"WebPage","@id":"https:\/\/pragafilm.cz\/en\/auxiliary-information\/#webpage","url":"https:\/\/pragafilm.cz\/en\/auxiliary-information\/","name":"AUXILIARY INFORMATION - Pragafilm","isPartOf":{"@id":"https:\/\/pragafilm.cz\/#website"},"primaryImageOfPage":{"@id":"https:\/\/pragafilm.cz\/en\/auxiliary-information\/#primaryimage"},"datePublished":"2021-05-25T17:13:58+00:00","dateModified":"2021-05-25T17:13:58+00:00","breadcrumb":{"@id":"https:\/\/pragafilm.cz\/en\/auxiliary-information\/#breadcrumb"},"inLanguage":"en-US","potentialAction":[{"@type":"ReadAction","target":["https:\/\/pragafilm.cz\/en\/auxiliary-information\/"]}]},{"@type":"BreadcrumbList","@id":"https:\/\/pragafilm.cz\/en\/auxiliary-information\/#breadcrumb","itemListElement":[{"@type":"ListItem","position":1,"name":"Dom\u016f","item":"https:\/\/pragafilm.cz\/en\/"},{"@type":"ListItem","position":2,"name":"AUXILIARY INFORMATION"}]}]}},"_links":{"self":[{"href":"https:\/\/pragafilm.cz\/en\/wp-json\/wp\/v2\/pages\/304","targetHints":{"allow":["GET"]}}],"collection":[{"href":"https:\/\/pragafilm.cz\/en\/wp-json\/wp\/v2\/pages"}],"about":[{"href":"https:\/\/pragafilm.cz\/en\/wp-json\/wp\/v2\/types\/page"}],"author":[{"embeddable":true,"href":"https:\/\/pragafilm.cz\/en\/wp-json\/wp\/v2\/users\/2"}],"replies":[{"embeddable":true,"href":"https:\/\/pragafilm.cz\/en\/wp-json\/wp\/v2\/comments?post=304"}],"version-history":[{"count":1,"href":"https:\/\/pragafilm.cz\/en\/wp-json\/wp\/v2\/pages\/304\/revisions"}],"predecessor-version":[{"id":305,"href":"https:\/\/pragafilm.cz\/en\/wp-json\/wp\/v2\/pages\/304\/revisions\/305"}],"wp:featuredmedia":[{"embeddable":true,"href":"https:\/\/pragafilm.cz\/en\/wp-json\/wp\/v2\/media\/68"}],"wp:attachment":[{"href":"https:\/\/pragafilm.cz\/en\/wp-json\/wp\/v2\/media?parent=304"}],"curies":[{"name":"wp","href":"https:\/\/api.w.org\/{rel}","templated":true}]}}