{"id":306,"date":"2021-05-25T19:21:08","date_gmt":"2021-05-25T17:21:08","guid":{"rendered":"https:\/\/pragafilm.cz\/?page_id=306"},"modified":"2021-06-29T23:23:58","modified_gmt":"2021-06-29T21:23:58","slug":"contacts","status":"publish","type":"page","link":"https:\/\/pragafilm.cz\/en\/contacts\/","title":{"rendered":"CONTACTS"},"content":{"rendered":"<p><SPAN style=\"font-size: 24px\"><strong>Digitisation workshop <\/strong><\/span><br \/>\nJan Van\u011bk<br \/>\n<a href=\"tel:+420777583728\">+420 777 583 728<\/a><br \/>\n<a href=\"mailto:vanek@pragafilm.cz\">vanek@pragafilm.cz<\/a><br \/>\n\u017ditom\u00edrska 7; 101 00 Praha 10 \u2013 Vr\u0161ovice<br \/>\n<a href=\"https:\/\/www.google.cz\/maps\/place\/%C5%BDitom%C3%ADrsk%C3%A1+489%2F7,+101+00+Praha-Praha+10\/@50.0684494,14.4553598,17z\/data=!3m1!4b1!4m2!3m1!1s0x470b937f21ed135b:0x301282aff03360f7\" target=\"_blank\" rel=\"noopener\">find on the map<\/a><\/p>\n<p>&nbsp;<\/p>\n<p><SPAN style=\"font-size: 24px\"><strong>Headquarters<\/strong><\/span><br \/>\nPRAGAFILM<br \/>\nPod Havr\u00e1nkou 15a, 171 00 Praha 7 \u2013 Troja<br \/>\n<a href=\"tel:+420608250005\">+420 608 250 005<\/a><br \/>\n<a href=\"mailto:jan@pragafilm.cz\">jan@pragafilm.cz<\/a><\/p>\n<p>ID:  10142983<br \/>\nVAT:  CZ5702220304<\/p>\n","protected":false},"excerpt":{"rendered":"<p>Digitisation workshop Jan Van\u011bk +420 777 583 728 vanek@pragafilm.cz \u017ditom\u00edrska 7; 101 00 Praha 10 \u2013 Vr\u0161ovice find on the map &nbsp; Headquarters PRAGAFILM Pod Havr\u00e1nkou 15a, 171 00 Praha 7 \u2013 Troja +420 608 250 005 jan@pragafilm.cz ID: 10142983 &hellip; <a href=\"https:\/\/pragafilm.cz\/en\/contacts\/\">Continue reading <span class=\"meta-nav\">&rarr;<\/span><\/a><\/p>\n","protected":false},"author":2,"featured_media":78,"parent":0,"menu_order":100,"comment_status":"closed","ping_status":"closed","template":"","meta":{"footnotes":""},"class_list":["post-306","page","type-page","status-publish","has-post-thumbnail","hentry"],"yoast_head":"<!-- This site is optimized with the Yoast SEO plugin v19.1 - https:\/\/yoast.com\/wordpress\/plugins\/seo\/ -->\n<title>CONTACTS - Pragafilm<\/title>\n<meta name=\"robots\" content=\"index, follow, max-snippet:-1, max-image-preview:large, max-video-preview:-1\" \/>\n<link rel=\"canonical\" href=\"https:\/\/pragafilm.cz\/en\/contacts\/\" \/>\n<meta property=\"og:locale\" content=\"en_US\" \/>\n<meta property=\"og:type\" content=\"article\" \/>\n<meta property=\"og:title\" content=\"CONTACTS - Pragafilm\" \/>\n<meta property=\"og:description\" content=\"Digitisation workshop Jan Van\u011bk +420 777 583 728 vanek@pragafilm.cz \u017ditom\u00edrska 7; 101 00 Praha 10 \u2013 Vr\u0161ovice find on the map &nbsp; Headquarters PRAGAFILM Pod Havr\u00e1nkou 15a, 171 00 Praha 7 \u2013 Troja +420 608 250 005 jan@pragafilm.cz ID: 10142983 &hellip; Continue reading &rarr;\" \/>\n<meta property=\"og:url\" content=\"https:\/\/pragafilm.cz\/en\/contacts\/\" \/>\n<meta property=\"og:site_name\" content=\"Pragafilm\" \/>\n<meta property=\"article:modified_time\" content=\"2021-06-29T21:23:58+00:00\" \/>\n<meta property=\"og:image\" content=\"https:\/\/pragafilm.cz\/wp-content\/uploads\/2021\/04\/403A8513.jpg\" \/>\n\t<meta property=\"og:image:width\" content=\"1920\" \/>\n\t<meta property=\"og:image:height\" content=\"1080\" \/>\n\t<meta property=\"og:image:type\" content=\"image\/jpeg\" \/>\n<meta name=\"twitter:card\" content=\"summary_large_image\" \/>\n<script type=\"application\/ld+json\" class=\"yoast-schema-graph\">{\"@context\":\"https:\/\/schema.org\",\"@graph\":[{\"@type\":\"WebSite\",\"@id\":\"https:\/\/pragafilm.cz\/#website\",\"url\":\"https:\/\/pragafilm.cz\/\",\"name\":\"Pragafilm\",\"description\":\"Filmov\u00fd  scaner pro maxim\u00e1ln\u00ed kvalitu obrazu\",\"potentialAction\":[{\"@type\":\"SearchAction\",\"target\":{\"@type\":\"EntryPoint\",\"urlTemplate\":\"https:\/\/pragafilm.cz\/?s={search_term_string}\"},\"query-input\":\"required name=search_term_string\"}],\"inLanguage\":\"en-US\"},{\"@type\":\"ImageObject\",\"inLanguage\":\"en-US\",\"@id\":\"https:\/\/pragafilm.cz\/en\/contacts\/#primaryimage\",\"url\":\"https:\/\/pragafilm.cz\/wp-content\/uploads\/2021\/04\/403A8513.jpg\",\"contentUrl\":\"https:\/\/pragafilm.cz\/wp-content\/uploads\/2021\/04\/403A8513.jpg\",\"width\":1920,\"height\":1080},{\"@type\":\"WebPage\",\"@id\":\"https:\/\/pragafilm.cz\/en\/contacts\/#webpage\",\"url\":\"https:\/\/pragafilm.cz\/en\/contacts\/\",\"name\":\"CONTACTS - Pragafilm\",\"isPartOf\":{\"@id\":\"https:\/\/pragafilm.cz\/#website\"},\"primaryImageOfPage\":{\"@id\":\"https:\/\/pragafilm.cz\/en\/contacts\/#primaryimage\"},\"datePublished\":\"2021-05-25T17:21:08+00:00\",\"dateModified\":\"2021-06-29T21:23:58+00:00\",\"breadcrumb\":{\"@id\":\"https:\/\/pragafilm.cz\/en\/contacts\/#breadcrumb\"},\"inLanguage\":\"en-US\",\"potentialAction\":[{\"@type\":\"ReadAction\",\"target\":[\"https:\/\/pragafilm.cz\/en\/contacts\/\"]}]},{\"@type\":\"BreadcrumbList\",\"@id\":\"https:\/\/pragafilm.cz\/en\/contacts\/#breadcrumb\",\"itemListElement\":[{\"@type\":\"ListItem\",\"position\":1,\"name\":\"Dom\u016f\",\"item\":\"https:\/\/pragafilm.cz\/en\/\"},{\"@type\":\"ListItem\",\"position\":2,\"name\":\"CONTACTS\"}]}]}<\/script>\n<!-- \/ Yoast SEO plugin. -->","yoast_head_json":{"title":"CONTACTS - Pragafilm","robots":{"index":"index","follow":"follow","max-snippet":"max-snippet:-1","max-image-preview":"max-image-preview:large","max-video-preview":"max-video-preview:-1"},"canonical":"https:\/\/pragafilm.cz\/en\/contacts\/","og_locale":"en_US","og_type":"article","og_title":"CONTACTS - Pragafilm","og_description":"Digitisation workshop Jan Van\u011bk +420 777 583 728 vanek@pragafilm.cz \u017ditom\u00edrska 7; 101 00 Praha 10 \u2013 Vr\u0161ovice find on the map &nbsp; Headquarters PRAGAFILM Pod Havr\u00e1nkou 15a, 171 00 Praha 7 \u2013 Troja +420 608 250 005 jan@pragafilm.cz ID: 10142983 &hellip; Continue reading &rarr;","og_url":"https:\/\/pragafilm.cz\/en\/contacts\/","og_site_name":"Pragafilm","article_modified_time":"2021-06-29T21:23:58+00:00","og_image":[{"width":1920,"height":1080,"url":"https:\/\/pragafilm.cz\/wp-content\/uploads\/2021\/04\/403A8513.jpg","type":"image\/jpeg"}],"twitter_card":"summary_large_image","schema":{"@context":"https:\/\/schema.org","@graph":[{"@type":"WebSite","@id":"https:\/\/pragafilm.cz\/#website","url":"https:\/\/pragafilm.cz\/","name":"Pragafilm","description":"Filmov\u00fd  scaner pro maxim\u00e1ln\u00ed kvalitu obrazu","potentialAction":[{"@type":"SearchAction","target":{"@type":"EntryPoint","urlTemplate":"https:\/\/pragafilm.cz\/?s={search_term_string}"},"query-input":"required name=search_term_string"}],"inLanguage":"en-US"},{"@type":"ImageObject","inLanguage":"en-US","@id":"https:\/\/pragafilm.cz\/en\/contacts\/#primaryimage","url":"https:\/\/pragafilm.cz\/wp-content\/uploads\/2021\/04\/403A8513.jpg","contentUrl":"https:\/\/pragafilm.cz\/wp-content\/uploads\/2021\/04\/403A8513.jpg","width":1920,"height":1080},{"@type":"WebPage","@id":"https:\/\/pragafilm.cz\/en\/contacts\/#webpage","url":"https:\/\/pragafilm.cz\/en\/contacts\/","name":"CONTACTS - Pragafilm","isPartOf":{"@id":"https:\/\/pragafilm.cz\/#website"},"primaryImageOfPage":{"@id":"https:\/\/pragafilm.cz\/en\/contacts\/#primaryimage"},"datePublished":"2021-05-25T17:21:08+00:00","dateModified":"2021-06-29T21:23:58+00:00","breadcrumb":{"@id":"https:\/\/pragafilm.cz\/en\/contacts\/#breadcrumb"},"inLanguage":"en-US","potentialAction":[{"@type":"ReadAction","target":["https:\/\/pragafilm.cz\/en\/contacts\/"]}]},{"@type":"BreadcrumbList","@id":"https:\/\/pragafilm.cz\/en\/contacts\/#breadcrumb","itemListElement":[{"@type":"ListItem","position":1,"name":"Dom\u016f","item":"https:\/\/pragafilm.cz\/en\/"},{"@type":"ListItem","position":2,"name":"CONTACTS"}]}]}},"_links":{"self":[{"href":"https:\/\/pragafilm.cz\/en\/wp-json\/wp\/v2\/pages\/306","targetHints":{"allow":["GET"]}}],"collection":[{"href":"https:\/\/pragafilm.cz\/en\/wp-json\/wp\/v2\/pages"}],"about":[{"href":"https:\/\/pragafilm.cz\/en\/wp-json\/wp\/v2\/types\/page"}],"author":[{"embeddable":true,"href":"https:\/\/pragafilm.cz\/en\/wp-json\/wp\/v2\/users\/2"}],"replies":[{"embeddable":true,"href":"https:\/\/pragafilm.cz\/en\/wp-json\/wp\/v2\/comments?post=306"}],"version-history":[{"count":4,"href":"https:\/\/pragafilm.cz\/en\/wp-json\/wp\/v2\/pages\/306\/revisions"}],"predecessor-version":[{"id":384,"href":"https:\/\/pragafilm.cz\/en\/wp-json\/wp\/v2\/pages\/306\/revisions\/384"}],"wp:featuredmedia":[{"embeddable":true,"href":"https:\/\/pragafilm.cz\/en\/wp-json\/wp\/v2\/media\/78"}],"wp:attachment":[{"href":"https:\/\/pragafilm.cz\/en\/wp-json\/wp\/v2\/media?parent=306"}],"curies":[{"name":"wp","href":"https:\/\/api.w.org\/{rel}","templated":true}]}}