{"id":308,"date":"2021-05-25T19:23:22","date_gmt":"2021-05-25T17:23:22","guid":{"rendered":"https:\/\/pragafilm.cz\/?page_id=308"},"modified":"2021-06-02T19:49:26","modified_gmt":"2021-06-02T17:49:26","slug":"film-samples","status":"publish","type":"page","link":"https:\/\/pragafilm.cz\/en\/film-samples\/","title":{"rendered":"FILM SAMPLES"},"content":{"rendered":"<h3>Samples of film materials that were scanned for the &#8220;Archive of Private Film History&#8221; and come from family collections.<\/h3>\n<p>&nbsp;<\/p>\n<div class=\"row videa\">\n<div class=\"col-sm-6\">\n<h4><span style=\"color: #9e0000;\">Drahoslav H., 1968, 8mm, Foma.<\/span><\/h4>\n<div style=\"width: 640px;\" class=\"wp-video\"><video class=\"wp-video-shortcode\" id=\"video-308-1\" width=\"640\" height=\"360\" preload=\"metadata\" controls=\"controls\"><source type=\"video\/mp4\" src=\"\/wp-content\/uploads\/videa\/hruby_01.mp4?_=1\" \/><a href=\"\/wp-content\/uploads\/videa\/hruby_01.mp4\">\/wp-content\/uploads\/videa\/hruby_01.mp4<\/a><\/video><\/div>\n<h5>Enlightened amateur filmmakers were also able to capture events outside their own family. A close view of the face of enemy soldiers is a unique feat.<\/h5>\n<\/div>\n<div class=\"col-sm-6\">\n<h4><span style=\"color: #9e0000;\">Jana B., 1923, 35mm.<\/span><\/h4>\n<div style=\"width: 640px;\" class=\"wp-video\"><video class=\"wp-video-shortcode\" id=\"video-308-2\" width=\"640\" height=\"360\" preload=\"metadata\" controls=\"controls\"><source type=\"video\/mp4\" src=\"\/wp-content\/uploads\/videa\/bayerova_01.mp4?_=2\" \/><a href=\"\/wp-content\/uploads\/videa\/bayerova_01.mp4\">\/wp-content\/uploads\/videa\/bayerova_01.mp4<\/a><\/video><\/div>\n<h5>A short clip shot on commission. During the First Republic there were a few small companies that provided this service. These films were only a few minutes long and generally captured festive social or family events.<\/h5>\n<\/div>\n<\/div>\n<div class=\"row videa\">\n<div class=\"col-sm-6\">\n<h4><span style=\"color: #9e0000;\">Mark P., 1950, 8mm Kodak.<\/span><\/h4>\n<div style=\"width: 640px;\" class=\"wp-video\"><video class=\"wp-video-shortcode\" id=\"video-308-3\" width=\"640\" height=\"360\" preload=\"metadata\" controls=\"controls\"><source type=\"video\/mp4\" src=\"\/wp-content\/uploads\/videa\/petru_08.mp4?_=3\" \/><a href=\"\/wp-content\/uploads\/videa\/petru_08.mp4\">\/wp-content\/uploads\/videa\/petru_08.mp4<\/a><\/video><\/div>\n<h5>A sample of the quality standard of material from abroad. Czechoslovak compatriots in Toronto recorded their Sokol festivities. Masaryktown was a site they purchased with money from a collection among the community, which they then fixed up and met there regularly. It is still working today.<\/h5>\n<\/div>\n<div class=\"col-sm-6\">\n<h4><span style=\"color: #9e0000;\">Eva D., 1960, 16mm, Foma.<\/span><\/h4>\n<div style=\"width: 640px;\" class=\"wp-video\"><video class=\"wp-video-shortcode\" id=\"video-308-4\" width=\"640\" height=\"360\" preload=\"metadata\" controls=\"controls\"><source type=\"video\/mp4\" src=\"\/wp-content\/uploads\/videa\/dragomirecka_17.mp4?_=4\" \/><a href=\"\/wp-content\/uploads\/videa\/dragomirecka_17.mp4\">\/wp-content\/uploads\/videa\/dragomirecka_17.mp4<\/a><\/video><\/div>\n<h5>A family film recorded over many years, capturing a number of scenes from the author&#8217;s professional life. The semi-professional 16mm film format was certainly not cheap and was rather an exception for amateur filming.<\/h5>\n<\/div>\n<\/div>\n<div class=\"row videa\">\n<div class=\"col-sm-6\">\n<h4><span style=\"color: #9e0000;\">Jan N., 1946, 16mm, Agfa.<\/span><\/h4>\n<div style=\"width: 640px;\" class=\"wp-video\"><video class=\"wp-video-shortcode\" id=\"video-308-5\" width=\"640\" height=\"360\" preload=\"metadata\" controls=\"controls\"><source type=\"video\/mp4\" src=\"\/wp-content\/uploads\/videa\/neubert_25.mp4?_=5\" \/><a href=\"\/wp-content\/uploads\/videa\/neubert_25.mp4\">\/wp-content\/uploads\/videa\/neubert_25.mp4<\/a><\/video><\/div>\n<h5>A good quality camera, material and lifelong amateur experience with shooting.<\/h5>\n<\/div>\n<div class=\"col-sm-6\">\n<h4><span style=\"color: #9e0000;\">Jaroslav N., 1980, S8mm Kodak. <\/span><\/h4>\n<div style=\"width: 640px;\" class=\"wp-video\"><video class=\"wp-video-shortcode\" id=\"video-308-6\" width=\"640\" height=\"360\" preload=\"metadata\" controls=\"controls\"><source type=\"video\/mp4\" src=\"\/wp-content\/uploads\/videa\/novak_10.mp4?_=6\" \/><a href=\"\/wp-content\/uploads\/videa\/novak_10.mp4\">\/wp-content\/uploads\/videa\/novak_10.mp4<\/a><\/video><\/div>\n<h5>The quality of Western film materials considerably exceeded what was produced in the East. Compared to Standard 8mm film, the Super 8mm format reduced the perforation size and increased the film frame by nearly 45%. The leap in image quality was clear.<\/h5>\n<\/div>\n<\/div>\n<div class=\"row videa\">\n<div class=\"col-sm-6\">\n<h4><span style=\"color: #9e0000;\">Vladim\u00edr V., 1958, 35mm.<\/span><\/h4>\n<div style=\"width: 640px;\" class=\"wp-video\"><video class=\"wp-video-shortcode\" id=\"video-308-7\" width=\"640\" height=\"360\" preload=\"metadata\" controls=\"controls\"><source type=\"video\/mp4\" src=\"\/wp-content\/uploads\/videa\/vend_38_.mp4?_=7\" \/><a href=\"\/wp-content\/uploads\/videa\/vend_38_.mp4\">\/wp-content\/uploads\/videa\/vend_38_.mp4<\/a><\/video><\/div>\n<h5>The production of a group of amateur film enthusiasts from northern Bohemia reached professional parameters in terms of film material, technique and even the topics they shot. A rare phenomenon in otherwise nationalised Czechoslovak cinema.<\/h5>\n<\/div>\n<div class=\"col-sm-6\">\n<h4><span style=\"color: #9e0000;\">Svatava J., 30.l\u00e9ta, 8mm, Agfa. <\/span><\/h4>\n<div style=\"width: 640px;\" class=\"wp-video\"><video class=\"wp-video-shortcode\" id=\"video-308-8\" width=\"640\" height=\"360\" preload=\"metadata\" controls=\"controls\"><source type=\"video\/mp4\" src=\"\/wp-content\/uploads\/videa\/jarosova_03.mp4?_=8\" \/><a href=\"\/wp-content\/uploads\/videa\/jarosova_03.mp4\">\/wp-content\/uploads\/videa\/jarosova_03.mp4<\/a><\/video><\/div>\n<h5>The author was a head constructor for Jawa, shooting a number of scenes associated with his profession. This time it was a recreational ride by the Jawa Club to Slovakia.<\/h5>\n<\/div>\n<\/div>\n<div class=\"row videa\">\n<div class=\"col-sm-6\">\n<h4><span style=\"color: #9e0000;\">Svatava J., 1945, 8mm, Agfa.<\/span><\/h4>\n<div style=\"width: 640px;\" class=\"wp-video\"><video class=\"wp-video-shortcode\" id=\"video-308-9\" width=\"640\" height=\"360\" preload=\"metadata\" controls=\"controls\"><source type=\"video\/mp4\" src=\"\/wp-content\/uploads\/videa\/jarosova_07.mp4?_=9\" \/><a href=\"\/wp-content\/uploads\/videa\/jarosova_07.mp4\">\/wp-content\/uploads\/videa\/jarosova_07.mp4<\/a><\/video><\/div>\n<h5>Another work by a talented film amateur who managed to look at the world around and expressed an uncommon feeling for the language of film.<\/h5>\n<\/div>\n<div class=\"col-sm-6\">\n<h4><span style=\"color: #9e0000;\">Helena D., 1941, 8mm Agfa. <\/span><\/h4>\n<div style=\"width: 640px;\" class=\"wp-video\"><video class=\"wp-video-shortcode\" id=\"video-308-10\" width=\"640\" height=\"360\" preload=\"metadata\" controls=\"controls\"><source type=\"video\/mp4\" src=\"\/wp-content\/uploads\/videa\/dvorackova_06.mp4?_=10\" \/><a href=\"\/wp-content\/uploads\/videa\/dvorackova_06.mp4\">\/wp-content\/uploads\/videa\/dvorackova_06.mp4<\/a><\/video><\/div>\n<h5>A family film shot using German film, which before and even at the start of the war was the best quality on the market. The not quite perfect focus is in this case caused by the camera used, or rather the lens.<\/h5>\n<\/div>\n<\/div>\n<div class=\"row videa\">\n<div class=\"col-sm-6\">\n<h4><span style=\"color: #9e0000;\">Jan \u0160., 1945, 35mm, Agfa.<\/span><\/h4>\n<div style=\"width: 640px;\" class=\"wp-video\"><video class=\"wp-video-shortcode\" id=\"video-308-11\" width=\"640\" height=\"360\" preload=\"metadata\" controls=\"controls\"><source type=\"video\/mp4\" src=\"\/wp-content\/uploads\/videa\/sikl_66_.mp4?_=11\" \/><a href=\"\/wp-content\/uploads\/videa\/sikl_66_.mp4\">\/wp-content\/uploads\/videa\/sikl_66_.mp4<\/a><\/video><\/div>\n<h5>A 13-minute professional documentary, directed by Otakar V\u00e1vra. The first Czech colour documentary film. Bene\u0161&#8217;s trip to the Prague Castle on 16 May 1945 was captured by 12 cameramen. The colour fluctuates considerably from shot to shot.<br \/>\nThe documentary contains a number of interesting background details. For example, the large number of various Soviet uniforms protecting the president. They did not let him out of their sight from the very first moment&#8230;<\/h5>\n<\/div>\n<\/div>\n","protected":false},"excerpt":{"rendered":"<p>Samples of film materials that were scanned for the &#8220;Archive of Private Film History&#8221; and come from family collections. &nbsp; Drahoslav H., 1968, 8mm, Foma. Enlightened amateur filmmakers were also able to capture events outside their own family. A close &hellip; <a href=\"https:\/\/pragafilm.cz\/en\/film-samples\/\">Continue reading <span class=\"meta-nav\">&rarr;<\/span><\/a><\/p>\n","protected":false},"author":2,"featured_media":0,"parent":0,"menu_order":80,"comment_status":"closed","ping_status":"closed","template":"onecolumn-page.php","meta":{"footnotes":""},"class_list":["post-308","page","type-page","status-publish","hentry"],"yoast_head":"<!-- This site is optimized with the Yoast SEO plugin v19.1 - https:\/\/yoast.com\/wordpress\/plugins\/seo\/ -->\n<title>FILM SAMPLES - Pragafilm<\/title>\n<meta name=\"robots\" content=\"index, follow, max-snippet:-1, max-image-preview:large, max-video-preview:-1\" \/>\n<link rel=\"canonical\" href=\"https:\/\/pragafilm.cz\/en\/film-samples\/\" \/>\n<meta property=\"og:locale\" content=\"en_US\" \/>\n<meta property=\"og:type\" content=\"article\" \/>\n<meta property=\"og:title\" content=\"FILM SAMPLES - Pragafilm\" \/>\n<meta property=\"og:description\" content=\"Samples of film materials that were scanned for the &#8220;Archive of Private Film History&#8221; and come from family collections. &nbsp; Drahoslav H., 1968, 8mm, Foma. Enlightened amateur filmmakers were also able to capture events outside their own family. A close &hellip; Continue reading &rarr;\" \/>\n<meta property=\"og:url\" content=\"https:\/\/pragafilm.cz\/en\/film-samples\/\" \/>\n<meta property=\"og:site_name\" content=\"Pragafilm\" \/>\n<meta property=\"article:modified_time\" content=\"2021-06-02T17:49:26+00:00\" \/>\n<meta name=\"twitter:card\" content=\"summary_large_image\" \/>\n<meta name=\"twitter:label1\" content=\"Est. reading time\" \/>\n\t<meta name=\"twitter:data1\" content=\"3 minutes\" \/>\n<script type=\"application\/ld+json\" class=\"yoast-schema-graph\">{\"@context\":\"https:\/\/schema.org\",\"@graph\":[{\"@type\":\"WebSite\",\"@id\":\"https:\/\/pragafilm.cz\/#website\",\"url\":\"https:\/\/pragafilm.cz\/\",\"name\":\"Pragafilm\",\"description\":\"Filmov\u00fd  scaner pro maxim\u00e1ln\u00ed kvalitu obrazu\",\"potentialAction\":[{\"@type\":\"SearchAction\",\"target\":{\"@type\":\"EntryPoint\",\"urlTemplate\":\"https:\/\/pragafilm.cz\/?s={search_term_string}\"},\"query-input\":\"required name=search_term_string\"}],\"inLanguage\":\"en-US\"},{\"@type\":\"WebPage\",\"@id\":\"https:\/\/pragafilm.cz\/en\/film-samples\/#webpage\",\"url\":\"https:\/\/pragafilm.cz\/en\/film-samples\/\",\"name\":\"FILM SAMPLES - Pragafilm\",\"isPartOf\":{\"@id\":\"https:\/\/pragafilm.cz\/#website\"},\"datePublished\":\"2021-05-25T17:23:22+00:00\",\"dateModified\":\"2021-06-02T17:49:26+00:00\",\"breadcrumb\":{\"@id\":\"https:\/\/pragafilm.cz\/en\/film-samples\/#breadcrumb\"},\"inLanguage\":\"en-US\",\"potentialAction\":[{\"@type\":\"ReadAction\",\"target\":[\"https:\/\/pragafilm.cz\/en\/film-samples\/\"]}]},{\"@type\":\"BreadcrumbList\",\"@id\":\"https:\/\/pragafilm.cz\/en\/film-samples\/#breadcrumb\",\"itemListElement\":[{\"@type\":\"ListItem\",\"position\":1,\"name\":\"Dom\u016f\",\"item\":\"https:\/\/pragafilm.cz\/en\/\"},{\"@type\":\"ListItem\",\"position\":2,\"name\":\"FILM SAMPLES\"}]}]}<\/script>\n<!-- \/ Yoast SEO plugin. -->","yoast_head_json":{"title":"FILM SAMPLES - Pragafilm","robots":{"index":"index","follow":"follow","max-snippet":"max-snippet:-1","max-image-preview":"max-image-preview:large","max-video-preview":"max-video-preview:-1"},"canonical":"https:\/\/pragafilm.cz\/en\/film-samples\/","og_locale":"en_US","og_type":"article","og_title":"FILM SAMPLES - Pragafilm","og_description":"Samples of film materials that were scanned for the &#8220;Archive of Private Film History&#8221; and come from family collections. &nbsp; Drahoslav H., 1968, 8mm, Foma. Enlightened amateur filmmakers were also able to capture events outside their own family. A close &hellip; Continue reading &rarr;","og_url":"https:\/\/pragafilm.cz\/en\/film-samples\/","og_site_name":"Pragafilm","article_modified_time":"2021-06-02T17:49:26+00:00","twitter_card":"summary_large_image","twitter_misc":{"Est. reading time":"3 minutes"},"schema":{"@context":"https:\/\/schema.org","@graph":[{"@type":"WebSite","@id":"https:\/\/pragafilm.cz\/#website","url":"https:\/\/pragafilm.cz\/","name":"Pragafilm","description":"Filmov\u00fd  scaner pro maxim\u00e1ln\u00ed kvalitu obrazu","potentialAction":[{"@type":"SearchAction","target":{"@type":"EntryPoint","urlTemplate":"https:\/\/pragafilm.cz\/?s={search_term_string}"},"query-input":"required name=search_term_string"}],"inLanguage":"en-US"},{"@type":"WebPage","@id":"https:\/\/pragafilm.cz\/en\/film-samples\/#webpage","url":"https:\/\/pragafilm.cz\/en\/film-samples\/","name":"FILM SAMPLES - Pragafilm","isPartOf":{"@id":"https:\/\/pragafilm.cz\/#website"},"datePublished":"2021-05-25T17:23:22+00:00","dateModified":"2021-06-02T17:49:26+00:00","breadcrumb":{"@id":"https:\/\/pragafilm.cz\/en\/film-samples\/#breadcrumb"},"inLanguage":"en-US","potentialAction":[{"@type":"ReadAction","target":["https:\/\/pragafilm.cz\/en\/film-samples\/"]}]},{"@type":"BreadcrumbList","@id":"https:\/\/pragafilm.cz\/en\/film-samples\/#breadcrumb","itemListElement":[{"@type":"ListItem","position":1,"name":"Dom\u016f","item":"https:\/\/pragafilm.cz\/en\/"},{"@type":"ListItem","position":2,"name":"FILM SAMPLES"}]}]}},"_links":{"self":[{"href":"https:\/\/pragafilm.cz\/en\/wp-json\/wp\/v2\/pages\/308","targetHints":{"allow":["GET"]}}],"collection":[{"href":"https:\/\/pragafilm.cz\/en\/wp-json\/wp\/v2\/pages"}],"about":[{"href":"https:\/\/pragafilm.cz\/en\/wp-json\/wp\/v2\/types\/page"}],"author":[{"embeddable":true,"href":"https:\/\/pragafilm.cz\/en\/wp-json\/wp\/v2\/users\/2"}],"replies":[{"embeddable":true,"href":"https:\/\/pragafilm.cz\/en\/wp-json\/wp\/v2\/comments?post=308"}],"version-history":[{"count":4,"href":"https:\/\/pragafilm.cz\/en\/wp-json\/wp\/v2\/pages\/308\/revisions"}],"predecessor-version":[{"id":363,"href":"https:\/\/pragafilm.cz\/en\/wp-json\/wp\/v2\/pages\/308\/revisions\/363"}],"wp:attachment":[{"href":"https:\/\/pragafilm.cz\/en\/wp-json\/wp\/v2\/media?parent=308"}],"curies":[{"name":"wp","href":"https:\/\/api.w.org\/{rel}","templated":true}]}}